{"id":658,"date":"2021-01-20T00:36:46","date_gmt":"2021-01-20T03:36:46","guid":{"rendered":"https:\/\/transparencia.dlsistemas.online\/camarasaogoncalo\/?page_id=658"},"modified":"2022-04-18T11:06:43","modified_gmt":"2022-04-18T14:06:43","slug":"a-cidade","status":"publish","type":"page","link":"https:\/\/transparencia.dlsistemas.online\/camarasaogoncalo\/a-cidade\/","title":{"rendered":"A Cidade"},"content":{"rendered":"\t\t<div data-elementor-type=\"wp-page\" data-elementor-id=\"658\" class=\"elementor elementor-658\" data-elementor-settings=\"{&quot;ha_cmc_init_switcher&quot;:&quot;no&quot;}\">\n\t\t\t\t\t\t<section class=\"elementor-section elementor-top-section elementor-element elementor-element-f38205c elementor-section-height-min-height elementor-section-boxed elementor-section-height-default elementor-section-items-middle\" data-id=\"f38205c\" data-element_type=\"section\" data-settings=\"{&quot;background_background&quot;:&quot;classic&quot;,&quot;_ha_eqh_enable&quot;:false}\">\n\t\t\t\t\t\t<div class=\"elementor-container elementor-column-gap-default\">\n\t\t\t\t\t<div class=\"elementor-column elementor-col-100 elementor-top-column elementor-element elementor-element-5f1db45\" data-id=\"5f1db45\" data-element_type=\"column\">\n\t\t\t<div class=\"elementor-widget-wrap elementor-element-populated\">\n\t\t\t\t\t\t<div class=\"elementor-element elementor-element-ebedbdd elementor-widget elementor-widget-heading\" data-id=\"ebedbdd\" data-element_type=\"widget\" data-widget_type=\"heading.default\">\n\t\t\t\t<div class=\"elementor-widget-container\">\n\t\t\t\t\t<h2 class=\"elementor-heading-title elementor-size-default\">A CIDADE<\/h2>\t\t\t\t<\/div>\n\t\t\t\t<\/div>\n\t\t\t\t\t<\/div>\n\t\t<\/div>\n\t\t\t\t\t<\/div>\n\t\t<\/section>\n\t\t\t\t<section class=\"elementor-section elementor-top-section elementor-element elementor-element-c0e4f82 elementor-section-boxed elementor-section-height-default elementor-section-height-default\" data-id=\"c0e4f82\" data-element_type=\"section\" data-settings=\"{&quot;_ha_eqh_enable&quot;:false}\">\n\t\t\t\t\t\t<div class=\"elementor-container elementor-column-gap-default\">\n\t\t\t\t\t<div class=\"elementor-column elementor-col-50 elementor-top-column elementor-element elementor-element-57cf046\" data-id=\"57cf046\" data-element_type=\"column\">\n\t\t\t<div class=\"elementor-widget-wrap elementor-element-populated\">\n\t\t\t\t\t\t<div class=\"elementor-element elementor-element-75fe873 elementor-widget elementor-widget-text-editor\" data-id=\"75fe873\" data-element_type=\"widget\" data-widget_type=\"text-editor.default\">\n\t\t\t\t<div class=\"elementor-widget-container\">\n\t\t\t\t\t\t\t\t\t<p><strong><img decoding=\"async\" class=\"alignnone wp-image-2483\" src=\"https:\/\/transparencia.dlsistemas.online\/camarasaogoncalo\/wp-content\/uploads\/2025\/01\/pmguaribas_logo-gua.jpg\" alt=\"\" width=\"94\" height=\"98\" \/>\u00a0 \u00a0 \u00a0 \u00a0Hist\u00f3ria de Guaribas, Piau\u00ed<\/strong><\/p>\n<p>Guaribas \u00e9 um munic\u00edpio brasileiro localizado no estado do Piau\u00ed, na regi\u00e3o Nordeste. Sua hist\u00f3ria \u00e9 marcada por desafios econ\u00f4micos, sociais e pol\u00edticos que refletem as dificuldades enfrentadas por muitas comunidades do semi\u00e1rido nordestino.<\/p>\n<h3><strong>Funda\u00e7\u00e3o e Origem<\/strong><\/h3>\n<p>Guaribas foi desmembrado de Caracol e elevado \u00e0 categoria de munic\u00edpio pela Lei Estadual n\u00ba 4.477, de 29 de abril de 1992. Seu nome tem origem na presen\u00e7a de macacos guaribas (ou bugios) que habitavam a regi\u00e3o no passado, o que demonstra uma forte liga\u00e7\u00e3o com a fauna local.<\/p>\n<p>Antes de sua emancipa\u00e7\u00e3o, a \u00e1rea era caracterizada por pequenos povoados e uma popula\u00e7\u00e3o que vivia predominantemente da agricultura de subsist\u00eancia e da pecu\u00e1ria.<\/p>\n<h3><strong>Economia e Desenvolvimento<\/strong><\/h3>\n<p>Historicamente, Guaribas enfrentou dificuldades econ\u00f4micas devido \u00e0 sua localiza\u00e7\u00e3o no semi\u00e1rido piauiense, regi\u00e3o marcada por secas frequentes e solos pouco f\u00e9rteis. A economia local sempre dependeu da agricultura de subsist\u00eancia, com culturas como milho, feij\u00e3o e mandioca, al\u00e9m da cria\u00e7\u00e3o de pequenos animais.<\/p>\n<p>O munic\u00edpio ganhou visibilidade nacional em 2003, ao ser escolhido como o ponto de partida do programa <strong>Fome Zero<\/strong>, do governo federal. Na \u00e9poca, Guaribas era considerado um dos munic\u00edpios mais pobres do Brasil, com altos \u00edndices de vulnerabilidade social.<\/p>\n<p>A chegada do programa trouxe investimentos em infraestrutura, sa\u00fade, educa\u00e7\u00e3o e gera\u00e7\u00e3o de emprego, embora os desafios relacionados \u00e0 pobreza e \u00e0 desigualdade ainda sejam presentes.<\/p>\n<h3><strong>Cultura e Tradi\u00e7\u00f5es<\/strong><\/h3>\n<p>Guaribas possui uma cultura rica e fortemente influenciada pelas tradi\u00e7\u00f5es nordestinas. A religiosidade \u00e9 marcante, com festas religiosas, como as celebra\u00e7\u00f5es do padroeiro local, que unem a comunidade. O forr\u00f3, a culin\u00e1ria t\u00edpica nordestina e as festividades juninas tamb\u00e9m fazem parte da identidade cultural do munic\u00edpio.<\/p>\n<h3><strong>Geografia e Popula\u00e7\u00e3o<\/strong><\/h3>\n<p>Guaribas est\u00e1 inserido na regi\u00e3o da Serra da Capivara, cercado por belezas naturais e paisagens t\u00edpicas do sert\u00e3o. O munic\u00edpio possui uma popula\u00e7\u00e3o predominantemente rural, com forte liga\u00e7\u00e3o com o meio ambiente e as pr\u00e1ticas tradicionais de conviv\u00eancia com o semi\u00e1rido.<\/p>\n<h3><strong>Desafios e Perspectivas<\/strong><\/h3>\n<p>Apesar dos avan\u00e7os proporcionados por pol\u00edticas p\u00fablicas ao longo das \u00faltimas d\u00e9cadas, Guaribas ainda enfrenta desafios relacionados \u00e0 melhoria de infraestrutura, educa\u00e7\u00e3o e acesso a servi\u00e7os de sa\u00fade. O fortalecimento da agricultura sustent\u00e1vel e o investimento em projetos de desenvolvimento local s\u00e3o considerados essenciais para o futuro da cidade.<\/p>\n<p>Os avan\u00e7os de Guaribas mostram que, mesmo em condi\u00e7\u00f5es adversas, \u00e9 poss\u00edvel transformar realidades com pol\u00edticas p\u00fablicas eficazes, engajamento da popula\u00e7\u00e3o e investimentos consistentes. A hist\u00f3ria de Guaribas \u00e9, sobretudo, uma hist\u00f3ria de luta e resili\u00eancia.<\/p>\n\t\t\t\t\t\t\t\t<\/div>\n\t\t\t\t<\/div>\n\t\t\t\t\t<\/div>\n\t\t<\/div>\n\t\t\t\t<div class=\"elementor-column elementor-col-50 elementor-top-column elementor-element elementor-element-b92962f\" data-id=\"b92962f\" data-element_type=\"column\">\n\t\t\t<div class=\"elementor-widget-wrap elementor-element-populated\">\n\t\t\t\t\t\t\t<\/div>\n\t\t<\/div>\n\t\t\t\t\t<\/div>\n\t\t<\/section>\n\t\t\t\t<\/div>\n\t\t","protected":false},"excerpt":{"rendered":"<p>A CIDADE Os Primeiros Habitantes Darcy Ribeiro em expedi\u00e7\u00f5es realizadas entre 1949 e 1954, atestou a exist\u00eancia dos Urubu-Kaapor, do tronco Tupi, no noroeste do Maranh\u00e3o e sudeste do Par\u00e1. Os estudos inclu\u00edram ainda os timbiras, guajajaras, temb\u00e9s, guar\u00e1s, canelas. Os estudos de Darcy Ribeiro se deram ao longo dos rios Gurupi e Pindar\u00e9. Quanto [&hellip;]<\/p>\n","protected":false},"author":4,"featured_media":0,"parent":0,"menu_order":0,"comment_status":"closed","ping_status":"closed","template":"","meta":{"footnotes":""},"class_list":["post-658","page","type-page","status-publish","hentry"],"_links":{"self":[{"href":"https:\/\/transparencia.dlsistemas.online\/camarasaogoncalo\/wp-json\/wp\/v2\/pages\/658"}],"collection":[{"href":"https:\/\/transparencia.dlsistemas.online\/camarasaogoncalo\/wp-json\/wp\/v2\/pages"}],"about":[{"href":"https:\/\/transparencia.dlsistemas.online\/camarasaogoncalo\/wp-json\/wp\/v2\/types\/page"}],"author":[{"embeddable":true,"href":"https:\/\/transparencia.dlsistemas.online\/camarasaogoncalo\/wp-json\/wp\/v2\/users\/4"}],"replies":[{"embeddable":true,"href":"https:\/\/transparencia.dlsistemas.online\/camarasaogoncalo\/wp-json\/wp\/v2\/comments?post=658"}],"version-history":[{"count":31,"href":"https:\/\/transparencia.dlsistemas.online\/camarasaogoncalo\/wp-json\/wp\/v2\/pages\/658\/revisions"}],"predecessor-version":[{"id":2335,"href":"https:\/\/transparencia.dlsistemas.online\/camarasaogoncalo\/wp-json\/wp\/v2\/pages\/658\/revisions\/2335"}],"wp:attachment":[{"href":"https:\/\/transparencia.dlsistemas.online\/camarasaogoncalo\/wp-json\/wp\/v2\/media?parent=658"}],"curies":[{"name":"wp","href":"https:\/\/api.w.org\/{rel}","templated":true}]}}